{"id":12,"date":"2021-08-23T09:33:32","date_gmt":"2021-08-23T07:33:32","guid":{"rendered":"https:\/\/klokani.lightcommunication.cz\/?page_id=12"},"modified":"2021-10-06T21:26:22","modified_gmt":"2021-10-06T19:26:22","slug":"kontakty","status":"publish","type":"page","link":"https:\/\/klokani-bohemians.cz\/?page_id=12","title":{"rendered":"Kontakty"},"content":{"rendered":"<div style=\"text-align: center;\">Adresa na\u0161\u00ed klubovny:<\/div>\n<div style=\"text-align: center; padding-bottom: 20px;\"><a title=\"adresa\" href=\"https:\/\/goo.gl\/maps\/8GRkFEWonjYifW7K6\" target=\"\" rel=\"noopener\">Lod\u011bnice TJ Bohemians<br \/>\nMod\u0159ansk\u00e1 51\/1107, Praha 4 &#8211; Podol\u00ed<br \/>\ndve\u0159e \u010d. 115 (ka\u017edou st\u0159edu 16:45 &#8211; 19:00)<\/a><\/div>\n<p>&nbsp;<\/p>\n<div>Vedouc\u00ed jsou nad\u0161enci pro sport a pr\u00e1ci s d\u011btmi, vze\u0161li vesm\u011bs z b\u00fdval\u00fdch \u010dlen\u016f odd\u00edlu. Z\u00e1kladn\u00ed kvalifikaci pro tuto pr\u00e1ci poskytuj\u00ed zku\u0161enosti, z\u00edskan\u00e9 b\u011bhem mnoha let v odd\u00edlu. Mimo to m\u00e1 ka\u017ed\u00fd (dle sv\u00fdch mo\u017enost\u00ed a specializace) \u0161kolen\u00ed a kurzy v oblasti zdravov\u011bdy, vodn\u00ed turistiky, ly\u017eov\u00e1n\u00ed, horolezectv\u00ed nebo veden\u00ed z\u00e1jezd\u016f a t\u00e1bor\u016f. Vedouc\u00ed d\u011blaj\u00ed tuto pr\u00e1ci s radost\u00ed ve sv\u00e9m voln\u00e9m \u010dase. Jej\u00edm smyslem je p\u0159edev\u0161\u00edm spokojenost z p\u0159\u00edjemn\u011b str\u00e1ven\u00e9ho v\u00edkendu v p\u0159\u00e1telsk\u00e9 atmosf\u00e9\u0159e a z nad\u0161en\u00ed d\u011bt\u00ed. Pocit, \u017ee d\u00edky t\u00e9to pr\u00e1ci d\u011bti objev\u00ed jinou alternativu tr\u00e1ven\u00ed voln\u00e9ho \u010dasu, ne\u017e je sezen\u00ed u televize a po\u010d\u00edta\u010de, nebo poflakov\u00e1n\u00ed se na ulici s pochybn\u00fdmi partami.<\/div>\n<p><h3>Hlavn\u00ed vedouc\u00ed<\/h3><div class=\"center\"><font size=\"3\">Jirka Kl\u00edma CSc.<\/font><\/div>\r\n                <table class=\"table\"><tbody><tr><\/tr><tr>\r\n                <td class=\"foto\"><img decoding=\"async\" alt=\"Jirka Kl\u00edma CSc.\" width=\"100px\" src=\"https:\/\/klokani-bohemians.cz\/wp-content\/uploads\/2021\/08\/Jirka_Klima.jpg\"><\/td>\r\n                <td class=\"kontakty\"><div>Telefon: +420 776 840 647<br>Email: <a href=\"mailto:klima@jh-inst.cas.cz\">klima@jh-inst.cas.cz<\/a><br><div>&nbsp;<\/div>\r\n                <div>V\u011bdeck\u00fd pracovn\u00edk, v\u00fdzkum v oboru elektrochemie <br \/>\r\nv \u00fastavu Jaroslava Heyrovsk\u00e9ho AV \u010cR.<br \/>\r\n\u010clen v\u00fdboru Odd\u00edlu ly\u017ea\u0159sk\u00e9 turistiky TJ Bohemians Praha.<br \/>\r\nSpr\u00e1vce chalupy v Jizersk\u00fdch hor\u00e1ch.<br \/>\r\nKurz HVDT- Hlavn\u00ed vedouc\u00ed d\u011btsk\u00e9ho t\u00e1bora.<\/div><br><\/div><\/td><\/tr><\/tbody><\/table><h3>Ostatn\u00ed<\/h3><div class=\"center\"><font size=\"3\">Krist\u00fdna Topolov\u00e1 (Ko\u010dina)<\/font><\/div>\r\n                <table class=\"table\"><tbody><tr><\/tr><tr>\r\n                <td class=\"foto\"><img decoding=\"async\" alt=\"Krist\u00fdna Topolov\u00e1 (Ko\u010dina)\" width=\"100px\" src=\"https:\/\/klokani-bohemians.cz\/wp-content\/themes\/klokani\/img\/camera.svg\"><\/td>\r\n                <td class=\"kontakty\"><div>Telefon: +420 603 110 617<br>Email: <a href=\"mailto:topolova.kristyna@seznam.cz\">topolova.kristyna@seznam.cz<\/a><br><div>&nbsp;<\/div>\r\n                <div><\/div><br><\/div><\/td><\/tr><\/tbody><\/table><div class=\"center\"><font size=\"3\">S\u00e1ra Chvojkov\u00e1<\/font><\/div>\r\n                <table class=\"table\"><tbody><tr><\/tr><tr>\r\n                <td class=\"foto\"><img decoding=\"async\" alt=\"S\u00e1ra Chvojkov\u00e1\" width=\"100px\" src=\"https:\/\/klokani-bohemians.cz\/wp-content\/uploads\/2021\/08\/Sara_Chvojkova.jpg\"><\/td>\r\n                <td class=\"kontakty\"><div>Telefon: +420 777 064 452<br>Email: <a href=\"mailto:sa.ch@seznam.cz\">sa.ch@seznam.cz<\/a><br><div>&nbsp;<\/div>\r\n                <div><\/div><br><\/div><\/td><\/tr><\/tbody><\/table><div class=\"center\"><font size=\"3\">Va\u0161ek Martin<\/font><\/div>\r\n                <table class=\"table\"><tbody><tr><\/tr><tr>\r\n                <td class=\"foto\"><img decoding=\"async\" alt=\"Va\u0161ek Martin\" width=\"100px\" src=\"https:\/\/klokani-bohemians.cz\/wp-content\/uploads\/2021\/08\/Vasek_Martin.jpg\"><\/td>\r\n                <td class=\"kontakty\"><div>Telefon: +420 775 630 654<br>Email: <a href=\"mailto:v.martin@vvp-martin.cz\">v.martin@vvp-martin.cz<\/a><br><div>&nbsp;<\/div>\r\n                <div>Majitel n\u00e1stroj\u00e1rny.<br \/>\r\nOd roku 1985 \u010dlenem z\u00e1vodn\u00edho odd\u00edlu Vodn\u00ed slalom a sjezd TJ Bohemians Praha.<br \/>\r\nTren\u00e9r vodn\u00edho slalomu a sjezdu 2 t\u0159\u00eddy.<br \/>\r\nRozhod\u010d\u00ed vodn\u00edho slalomu a sjezdu.<\/div><br><\/div><\/td><\/tr><\/tbody><\/table><div class=\"center\"><font size=\"3\">Karol\u00edna Kotovsk\u00e1<\/font><\/div>\r\n                <table class=\"table\"><tbody><tr><\/tr><tr>\r\n                <td class=\"foto\"><img decoding=\"async\" alt=\"Karol\u00edna Kotovsk\u00e1\" width=\"100px\" src=\"https:\/\/klokani-bohemians.cz\/wp-content\/uploads\/2021\/08\/Karolina_Kotovska.jpg\"><\/td>\r\n                <td class=\"kontakty\"><div>Telefon: +420 777 337 305<br>Email: <a href=\"mailto:karolina@kotovsky.cz\">karolina@kotovsky.cz<\/a><br><div>&nbsp;<\/div>\r\n                <div>Klinick\u00fd psycholog a psychoteraperut.<br \/>\r\nTren\u00e9r vodn\u00edho slalomu a sjezdu 2 t\u0159\u00eddy.<br \/>\r\nRozhod\u010d\u00ed vodn\u00edho slalomu a sjezdu.<\/div><br><\/div><\/td><\/tr><\/tbody><\/table><div class=\"center\"><font size=\"3\">Ing. Ivana Topolov\u00e1 Ph.D.<\/font><\/div>\r\n                <table class=\"table\"><tbody><tr><\/tr><tr>\r\n                <td class=\"foto\"><img decoding=\"async\" alt=\"Ing. Ivana Topolov\u00e1 Ph.D.\" width=\"100px\" src=\"https:\/\/klokani-bohemians.cz\/wp-content\/uploads\/2021\/08\/Ivana_Topolova.jpg\"><\/td>\r\n                <td class=\"kontakty\"><div>Telefon: +420 602 781 090<br>Email: <a href=\"mailto:topolova@vse.cz\">topolova@vse.cz<\/a><br><div>&nbsp;<\/div>\r\n                <div>\u010clen odd\u00edlu od 10 let (\u017e\u00e1k, praktikant, vedouc\u00ed). Matka 2 d\u011bt\u00ed kter\u00e9 pro\u0161ly odd\u00edlem.<br \/>\r\nZam\u011bstnankyn\u011b IT firmy.<br \/>\r\nZDrSEM - Standard (zdravotn\u00edk zotavovac\u00edch akc\u00ed)<br \/>\r\nKurz HVDT- Hlavn\u00ed vedouc\u00ed d\u011btsk\u00e9ho t\u00e1bora.<\/div><br><\/div><\/td><\/tr><\/tbody><\/table><div class=\"center\"><font size=\"3\">Mgr. Simona Kl\u00edmov\u00e1<\/font><\/div>\r\n                <table class=\"table\"><tbody><tr><\/tr><tr>\r\n                <td class=\"foto\"><img decoding=\"async\" alt=\"Mgr. Simona Kl\u00edmov\u00e1\" width=\"100px\" src=\"https:\/\/klokani-bohemians.cz\/wp-content\/uploads\/2021\/08\/Simona_Klimova.jpg\"><\/td>\r\n                <td class=\"kontakty\"><div>Telefon: +420 608 467 718<br>Email: <a href=\"mailto:klimova.simona@centrum.cz\">klimova.simona@centrum.cz<\/a><br><div>&nbsp;<\/div>\r\n                <div>Ekonom odd\u00edlu.<br \/>\r\nKurz HVDT- Hlavn\u00ed vedouc\u00ed d\u011btsk\u00e9ho t\u00e1bora.<br \/>\r\ncvi\u010ditel ly\u017ea\u0159sk\u00e9 turistiky<br \/>\r\ncvi\u010ditel p\u011b\u0161\u00ed turistiky<\/div><br><\/div><\/td><\/tr><\/tbody><\/table><div class=\"center\"><font size=\"3\">Luk\u00e1\u0161 Kop\u0159iva<\/font><\/div>\r\n                <table class=\"table\"><tbody><tr><\/tr><tr>\r\n                <td class=\"foto\"><img decoding=\"async\" alt=\"Luk\u00e1\u0161 Kop\u0159iva\" width=\"100px\" src=\"https:\/\/klokani-bohemians.cz\/wp-content\/uploads\/2021\/08\/Lukas_Kopriva.jpg\"><\/td>\r\n                <td class=\"kontakty\"><div>Telefon: +420 722 062 484<br>Email: <a href=\"mailto:kopriva.luky@seznam.cz\">kopriva.luky@seznam.cz<\/a><br><div>&nbsp;<\/div>\r\n                <div>Student \u010cVUT FS v magistersk\u00e9m oboru Energetika a procesn\u00ed in\u017een\u00fdrstv\u00ed<br \/>\r\nZDrSEM - Standard (zdravotn\u00edk zotavovac\u00edch akc\u00ed)<br \/>\r\nV\u0160Z - Akreditovan\u00fd z\u00e1chran\u00e1\u0159 pro z\u00e1chranu z nebezpe\u010dn\u00e9ho jezu.<br \/>\r\nKurz HVDT- Hlavn\u00ed vedouc\u00ed d\u011btsk\u00e9ho t\u00e1bora.<\/div><br><\/div><\/td><\/tr><\/tbody><\/table><div class=\"center\"><font size=\"3\">Al\u017eb\u011bta Po\u0161tulkov\u00e1 (Bety)<\/font><\/div>\r\n                <table class=\"table\"><tbody><tr><\/tr><tr>\r\n                <td class=\"foto\"><img decoding=\"async\" alt=\"Al\u017eb\u011bta Po\u0161tulkov\u00e1 (Bety)\" width=\"100px\" src=\"https:\/\/klokani-bohemians.cz\/wp-content\/uploads\/2021\/08\/Alzbeta_Postulkova.jpg\"><\/td>\r\n                <td class=\"kontakty\"><div>Telefon: +420 731 730 974<br>Email: <a href=\"mailto:alzbetapostulkova@seznam.cz\">alzbetapostulkova@seznam.cz<\/a><br><div>&nbsp;<\/div>\r\n                <div>Studentka P\u0159F UK, obor Biologie<br \/>\r\nZDrSEM - Standard (zdravotn\u00edk zotavovac\u00edch akc\u00ed)<br \/>\r\nV\u0160Z - Akreditovan\u00fd z\u00e1chran\u00e1\u0159 pro z\u00e1chranu z nebezpe\u010dn\u00e9ho jezu.<\/div><br><\/div><\/td><\/tr><\/tbody><\/table><div class=\"center\"><font size=\"3\">Martin K\u0159i\u017e (Svarta)<\/font><\/div>\r\n                <table class=\"table\"><tbody><tr><\/tr><tr>\r\n                <td class=\"foto\"><img decoding=\"async\" alt=\"Martin K\u0159i\u017e (Svarta)\" width=\"100px\" src=\"https:\/\/klokani-bohemians.cz\/wp-content\/uploads\/2021\/08\/Martin_Kriz.jpg\"><\/td>\r\n                <td class=\"kontakty\"><div>Telefon: +420 739 426 282<br>Email: <a href=\"mailto:kriz.martinek@seznam.cz\">kriz.martinek@seznam.cz<\/a><br><div>&nbsp;<\/div>\r\n                <div>Provozn\u00ed elektrik\u00e1\u0159 v Dopravn\u00edm podniku hlavn\u00edho m\u011bsta Prahy a. s.       divize Metro.<br \/>\r\nM\u00edsto\u0159edseda Odd\u00edlu ly\u017ea\u0159sk\u00e9 turitiky TJ Bohemians Praha.<br \/>\r\nSpr\u00e1vce chalupy v Jizersk\u00fdch hor\u00e1ch.<br \/>\r\nZDrSEM - Standard (zdravotn\u00edk zotavovac\u00edch akc\u00ed)<br \/>\r\nV\u0160Z - Akreditovan\u00fd z\u00e1chran\u00e1\u0159 pro z\u00e1chranu z nebezpe\u010dn\u00e9ho jezu.<\/div><br><\/div><\/td><\/tr><\/tbody><\/table><div class=\"center\"><font size=\"3\">Martin Topol<\/font><\/div>\r\n                <table class=\"table\"><tbody><tr><\/tr><tr>\r\n                <td class=\"foto\"><img decoding=\"async\" alt=\"Martin Topol\" width=\"100px\" src=\"https:\/\/klokani-bohemians.cz\/wp-content\/uploads\/2021\/08\/Martin_Topol.jpg\"><\/td>\r\n                <td class=\"kontakty\"><div>Telefon: +420 724 601 141<br>Email: <a href=\"mailto:martin.topol@hthcom.cz\">martin.topol@hthcom.cz<\/a><br><div>&nbsp;<\/div>\r\n                <div>Majitel IT firmy.<br \/>\r\nKurz HVDT- Hlavn\u00ed vedouc\u00ed d\u011btsk\u00e9ho t\u00e1bora.<\/div><br><\/div><\/td><\/tr><\/tbody><\/table><div class=\"center\"><font size=\"3\">Barbora Topolov\u00e1<\/font><\/div>\r\n                <table class=\"table\"><tbody><tr><\/tr><tr>\r\n                <td class=\"foto\"><img decoding=\"async\" alt=\"Barbora Topolov\u00e1\" width=\"100px\" src=\"https:\/\/klokani-bohemians.cz\/wp-content\/uploads\/2021\/08\/Barbora_Topolova.jpg\"><\/td>\r\n                <td class=\"kontakty\"><div>Telefon: +420 602 781 112<br>Email: <a href=\"mailto:topolovba@ktf.cuni.cz\">topolovba@ktf.cuni.cz<\/a><br><div>&nbsp;<\/div>\r\n                <div>Studentka Gymn\u00e1zia Bud\u011bjovick\u00e1.<\/div><br><\/div><\/td><\/tr><\/tbody><\/table><br \/>\n<h3>Vedouc\u00ed dorostu<\/h3><div class=\"center\"><font size=\"3\">\u0160t\u011bp\u00e1n Ho\u0159ej\u0161\u00ed<\/font><\/div>\r\n                <table class=\"table\"><tbody><tr><\/tr><tr>\r\n                <td class=\"foto\"><img decoding=\"async\" alt=\"\u0160t\u011bp\u00e1n Ho\u0159ej\u0161\u00ed\" width=\"100px\" src=\"https:\/\/klokani-bohemians.cz\/wp-content\/uploads\/2021\/08\/Stepan_Horejsi.jpg\"><\/td>\r\n                <td class=\"kontakty\"><div>Telefon: +420 420 731 536 172<br>Email: <a href=\"mailto:stepan.horejsi@gmail.com\">stepan.horejsi@gmail.com<\/a><br><div>&nbsp;<\/div>\r\n                <div>Pracovn\u00edk ve firm\u011b PKM Klima Servis.<br \/>\r\nV\u0160Z - Akreditovan\u00fd z\u00e1chran\u00e1\u0159 pro z\u00e1chranu z nebezpe\u010dn\u00e9ho jezu.<\/div><br><\/div><\/td><\/tr><\/tbody><\/table><\/p>\n","protected":false},"excerpt":{"rendered":"<p>Adresa na\u0161\u00ed klubovny: Lod\u011bnice TJ Bohemians Mod\u0159ansk\u00e1 51\/1107, Praha 4 &#8211; Podol\u00ed dve\u0159e \u010d. 115 (ka\u017edou st\u0159edu 16:45 &#8211; 19:00) &nbsp; Vedouc\u00ed jsou nad\u0161enci pro sport a pr\u00e1ci s d\u011btmi, vze\u0161li vesm\u011bs z b\u00fdval\u00fdch \u010dlen\u016f odd\u00edlu. Z\u00e1kladn\u00ed kvalifikaci pro tuto pr\u00e1ci poskytuj\u00ed zku\u0161enosti, z\u00edskan\u00e9 b\u011bhem mnoha let v odd\u00edlu. Mimo to m\u00e1 ka\u017ed\u00fd (dle sv\u00fdch [&hellip;]<\/p>\n","protected":false},"author":1,"featured_media":0,"parent":0,"menu_order":0,"comment_status":"closed","ping_status":"closed","template":"","meta":{"footnotes":""},"class_list":["post-12","page","type-page","status-publish","hentry"],"_links":{"self":[{"href":"https:\/\/klokani-bohemians.cz\/index.php?rest_route=\/wp\/v2\/pages\/12","targetHints":{"allow":["GET"]}}],"collection":[{"href":"https:\/\/klokani-bohemians.cz\/index.php?rest_route=\/wp\/v2\/pages"}],"about":[{"href":"https:\/\/klokani-bohemians.cz\/index.php?rest_route=\/wp\/v2\/types\/page"}],"author":[{"embeddable":true,"href":"https:\/\/klokani-bohemians.cz\/index.php?rest_route=\/wp\/v2\/users\/1"}],"replies":[{"embeddable":true,"href":"https:\/\/klokani-bohemians.cz\/index.php?rest_route=%2Fwp%2Fv2%2Fcomments&post=12"}],"version-history":[{"count":12,"href":"https:\/\/klokani-bohemians.cz\/index.php?rest_route=\/wp\/v2\/pages\/12\/revisions"}],"predecessor-version":[{"id":82,"href":"https:\/\/klokani-bohemians.cz\/index.php?rest_route=\/wp\/v2\/pages\/12\/revisions\/82"}],"wp:attachment":[{"href":"https:\/\/klokani-bohemians.cz\/index.php?rest_route=%2Fwp%2Fv2%2Fmedia&parent=12"}],"curies":[{"name":"wp","href":"https:\/\/api.w.org\/{rel}","templated":true}]}}